{"id":7,"date":"2018-02-22T11:22:42","date_gmt":"2018-02-22T11:22:42","guid":{"rendered":"http:\/\/www.lunadelasierra.org\/periodico\/?page_id=7"},"modified":"2022-12-01T10:26:11","modified_gmt":"2022-12-01T09:26:11","slug":"inicio","status":"publish","type":"page","link":"http:\/\/www.lunadelasierra.org\/periodico\/","title":{"rendered":"Inicio"},"content":{"rendered":"<p>Bienvenido al peri\u00f3dico escolar del IES Luna de la Sierra.<\/p>\n<p>Desde aqu\u00ed podr\u00e1s acceder a los diferentes n\u00fameros del peri\u00f3dico realizado por el alumnado de nuestro centro.<\/p>\n<p>Esperamos que tu paseo por \u00e9l sea entretenido e instructivo y te sirva para conocer nuestros intereses y nuestro trabajo.<\/p>\n<ul>\n<li style=\"list-style-type: none;\">\n<ul>\n<li>N\u00famero del curso 17\/18 &#8211; \u00ab<a href=\"http:\/\/www.lunadelasierra.org\/periodico\/1718\">Luna de Azul y Oro<\/a>\u00ab<\/li>\n<li>N\u00famero del curso 18\/19 &#8211; \u00ab<a href=\"http:\/\/www.lunadelasierra.org\/periodico\/1819\">Dominushy<\/a>\u00ab<\/li>\n<li>N\u00famero del curso 19\/20 &#8211; \u00ab<a href=\"http:\/\/www.lunadelasierra.org\/periodico\/1920\">La carpeta de 4\u00ba<\/a>\u00ab<\/li>\n<li>N\u00famero del curso 20\/21 &#8211; \u00ab<a href=\"http:\/\/www.lunadelasierra.org\/periodico\/2021\">\u00abUna Luna Nueva\u00bb<\/a><\/li>\n<li>N\u00famero del curso 22\/22 &#8211; \u00ab<a href=\"http:\/\/www.lunadelasierra.org\/periodico\/2022-2023\">\u00ab2022-2023\u00bb<\/a><\/li>\n<\/ul>\n<\/li>\n<\/ul>\n<p class=\"firma-autor\">El equipo de redacci\u00f3n<\/p>\n","protected":false},"excerpt":{"rendered":"<p>Bienvenido al peri\u00f3dico escolar del IES Luna de la Sierra. Desde aqu\u00ed podr\u00e1s acceder a los diferentes n\u00fameros del peri\u00f3dico realizado por el alumnado de nuestro centro. Esperamos que tu paseo por \u00e9l sea entretenido e instructivo y te sirva para conocer nuestros intereses y nuestro trabajo. N\u00famero del curso 17\/18 &#8211; \u00abLuna de Azul &hellip; <\/p>\n<p class=\"link-more\"><a href=\"http:\/\/www.lunadelasierra.org\/periodico\/\" class=\"more-link\">Continuar leyendo<span class=\"screen-reader-text\"> \u00abInicio\u00bb<\/span><\/a><\/p>\n","protected":false},"author":1,"featured_media":0,"parent":0,"menu_order":0,"comment_status":"closed","ping_status":"closed","template":"","meta":{"footnotes":""},"class_list":["post-7","page","type-page","status-publish","hentry"],"_links":{"self":[{"href":"http:\/\/www.lunadelasierra.org\/periodico\/index.php?rest_route=\/wp\/v2\/pages\/7","targetHints":{"allow":["GET"]}}],"collection":[{"href":"http:\/\/www.lunadelasierra.org\/periodico\/index.php?rest_route=\/wp\/v2\/pages"}],"about":[{"href":"http:\/\/www.lunadelasierra.org\/periodico\/index.php?rest_route=\/wp\/v2\/types\/page"}],"author":[{"embeddable":true,"href":"http:\/\/www.lunadelasierra.org\/periodico\/index.php?rest_route=\/wp\/v2\/users\/1"}],"replies":[{"embeddable":true,"href":"http:\/\/www.lunadelasierra.org\/periodico\/index.php?rest_route=%2Fwp%2Fv2%2Fcomments&post=7"}],"version-history":[{"count":14,"href":"http:\/\/www.lunadelasierra.org\/periodico\/index.php?rest_route=\/wp\/v2\/pages\/7\/revisions"}],"predecessor-version":[{"id":157,"href":"http:\/\/www.lunadelasierra.org\/periodico\/index.php?rest_route=\/wp\/v2\/pages\/7\/revisions\/157"}],"wp:attachment":[{"href":"http:\/\/www.lunadelasierra.org\/periodico\/index.php?rest_route=%2Fwp%2Fv2%2Fmedia&parent=7"}],"curies":[{"name":"wp","href":"https:\/\/api.w.org\/{rel}","templated":true}]}}