{"id":35,"date":"2021-03-23T10:39:25","date_gmt":"2021-03-23T10:39:25","guid":{"rendered":"http:\/\/www.lunadelasierra.org\/periodico\/2021\/?page_id=35"},"modified":"2021-03-23T10:39:25","modified_gmt":"2021-03-23T10:39:25","slug":"editorial","status":"publish","type":"page","link":"http:\/\/www.lunadelasierra.org\/periodico\/2021\/editorial\/","title":{"rendered":"Editorial"},"content":{"rendered":"<p>Siguiendo en la l\u00ednea de este extra\u00f1o curso 2020-2021, a los alumnos de 3\u00ba de la ESO de la promoci\u00f3n 2018-2022 se nos ha dado la oportunidad de inaugurar el peri\u00f3dico digital con esta editorial. Nos resulta muy especial este hecho, ya que es algo que suelen hacer los alumnos de 4\u00ba, pero en esta ocasi\u00f3n se ha confiado en nosotros para hacer as\u00ed mudanza en su costumbre. Lo que no cambia es la finalidad e intenci\u00f3n del peri\u00f3dico que recopilar\u00e1 la memoria de este curso difundiendo las actividades que van dando vida a nuestro centro.<\/p>\n<p>El 20\/21 ser\u00e1 recordado como un curso especial y diferente, puesto que es el primero que lo afrontamos presencialmente tras la irrupci\u00f3n del Covid-19 el a\u00f1o pasado, que ha cambiado tanto nuestras vidas, pero no podr\u00e1 impedirnos realizar nuestro peri\u00f3dico. Mostraremos c\u00f3mo estamos afrontando dicha situaci\u00f3n, adem\u00e1s de todas las actividades que dan lugar a las diferentes secciones del peri\u00f3dico que mantenemos, pero tambi\u00e9n nos gustar\u00eda no solo aportar informaci\u00f3n sobre la vida del centro, sino tambi\u00e9n opini\u00f3n, reflexi\u00f3n adem\u00e1s de hechos que parezcan interesantes, entretenidos e incluso c\u00f3micos al lector y, sobre todo, incorporaremos muchas actividades que nos facilitan las nuevas tecnolog\u00edas, porque, eso s\u00ed, eso que llaman alfabetizaci\u00f3n audiovisual ha llegado para quedarse. Todo esto para que resulte menos aburrido y m\u00e1s interesante y para a\u00f1adir un poquito de color y alegr\u00eda en estos momentos tan duros y tristes muchas veces. Pero entre todos, profesores y alumnos y dem\u00e1s comunidad educativa, no vamos a dejar que la pandemia pueda con nuestro \u00e1nimo ni con nuestro peri\u00f3dico.<\/p>\n<p>Hemos elegido un nuevo t\u00edtulo para este a\u00f1o: UNA LUNA NUEVA, ya que \u201cluna\u201d forma parte del nombre de nuestro instituto y \u201cnueva\u201d por la situaci\u00f3n que estamos afrontando a todos los niveles, adem\u00e1s del significado que le hemos querido dar a la imagen: el de la esperanza. Todo el trabajo lo llevaremos a cabo entre las clases de lengua y de TIC, asignatura en la que aprendemos a crear todos los tipos de documentos que se presentan en este peri\u00f3dico, a c\u00f3mo realizar grabaciones de v\u00eddeos, cortos, c\u00f3mics, animaciones, dise\u00f1ar maquetaciones, etc. Esperemos que os guste y que ech\u00e9is un buen rato con \u00e9l.<\/p>\n<p class=\"firma-autor\">Marta Cuestas, Ra\u00fal\u00a0 Cuadrado y Tom\u00e1s Alonso 3\u00baA<\/p>\n","protected":false},"excerpt":{"rendered":"<p>Siguiendo en la l\u00ednea de este extra\u00f1o curso 2020-2021, a los alumnos de 3\u00ba de la ESO de la promoci\u00f3n 2018-2022 se nos ha dado la oportunidad de inaugurar el&hellip;<\/p>\n","protected":false},"author":1,"featured_media":0,"parent":0,"menu_order":0,"comment_status":"closed","ping_status":"closed","template":"","meta":{"footnotes":""},"class_list":["post-35","page","type-page","status-publish","hentry","no-post-thumbnail"],"_links":{"self":[{"href":"http:\/\/www.lunadelasierra.org\/periodico\/2021\/wp-json\/wp\/v2\/pages\/35","targetHints":{"allow":["GET"]}}],"collection":[{"href":"http:\/\/www.lunadelasierra.org\/periodico\/2021\/wp-json\/wp\/v2\/pages"}],"about":[{"href":"http:\/\/www.lunadelasierra.org\/periodico\/2021\/wp-json\/wp\/v2\/types\/page"}],"author":[{"embeddable":true,"href":"http:\/\/www.lunadelasierra.org\/periodico\/2021\/wp-json\/wp\/v2\/users\/1"}],"replies":[{"embeddable":true,"href":"http:\/\/www.lunadelasierra.org\/periodico\/2021\/wp-json\/wp\/v2\/comments?post=35"}],"version-history":[{"count":1,"href":"http:\/\/www.lunadelasierra.org\/periodico\/2021\/wp-json\/wp\/v2\/pages\/35\/revisions"}],"predecessor-version":[{"id":36,"href":"http:\/\/www.lunadelasierra.org\/periodico\/2021\/wp-json\/wp\/v2\/pages\/35\/revisions\/36"}],"wp:attachment":[{"href":"http:\/\/www.lunadelasierra.org\/periodico\/2021\/wp-json\/wp\/v2\/media?parent=35"}],"curies":[{"name":"wp","href":"https:\/\/api.w.org\/{rel}","templated":true}]}}