{"id":164,"date":"2021-03-16T09:01:42","date_gmt":"2021-03-16T08:01:42","guid":{"rendered":"http:\/\/www.lunadelasierra.org\/periodico\/1920\/?page_id=164"},"modified":"2021-03-24T13:42:08","modified_gmt":"2021-03-24T12:42:08","slug":"editorial","status":"publish","type":"page","link":"http:\/\/www.lunadelasierra.org\/periodico\/1920\/editorial\/","title":{"rendered":"Editorial"},"content":{"rendered":"<p>Y otro a\u00f1o m\u00e1s el peri\u00f3dico del centro sigue en pie, a pesar de las dificultades que nos hemos encontrado en nuestro camino\u2026 Qui\u00e9n nos dir\u00eda cuando comenzamos el curso all\u00e1 por septiembre que este a\u00f1o acabar\u00eda as\u00ed: tantos trabajos y despedidas interrumpidos e inacabados, tantas actividades y planes cancelados, como este Blog. Es cierto que no hay fotos de graduaciones, viajes y excursiones, pero os qued\u00e1is con algo mucho m\u00e1s importante, nuestras vivencias, nuestras ilusiones, nuestros pensamientos, nuestras emociones. Por eso quiere ser esta editorial un poco de todo: el discurso de graduaci\u00f3n que no pudimos hacer, de despedida, pero tambi\u00e9n de agradecimiento.<\/p>\n<p>Cuatro a\u00f1os. Nada m\u00e1s y nada menos que cuatro a\u00f1itos. Desde el 2016 hasta el 2020, un periodo inolvidable. Nuestra promoci\u00f3n ha sido, seg\u00fan mucha gente, otra de las que ha dejado huella en el instituto, y una de las \u00faltimas que pudo dar clase con determinados maestros, como Magdalena, que se jubil\u00f3, Feli o Narciso, que cambiaron de aires, entre otros. A lo largo de estos cuatro a\u00f1os, hemos realizado numerosas actividades de todas las asignaturas y que han quedado recogidas en los n\u00fameros de este peri\u00f3dico que este curso cumple tres a\u00f1os.<\/p>\n<p>Dicen que la ESO es para disfrutarla; que no es tan solo una etapa educativa, sino una etapa en la vida, donde conocer, disfrutar y aprender est\u00e1n a la orden del d\u00eda. Lo que da el instituto, aparte de conocimientos que pueden servir a algunos m\u00e1s y a otros menos, son experiencias vividas, tanto con profesores como con compa\u00f1eros, y que te hacen madurar y evolucionar como persona y como alumno, para prepararte para la vida exterior. Por eso, en esta edici\u00f3n nos ver\u00e9is a nosotros, tambi\u00e9n nuestro trabajo como reporteros y periodistas. Nuestro trabajo interrumpido en TIC como expertos en avatares, photoshop y nuestras aventuras&#8230;<\/p>\n<p>4\u00ba de ESO. Un curso un tanto\u2026 especial; el \u00faltimo a\u00f1o de esta etapa. Todo el mundo nos dec\u00eda \u2018illo, cuarto va a ser de los mejores a\u00f1os de tu vida\u2019\u2026 Bueno, lo hubiera sido si no fuera por un extra\u00f1o y mortal bicho pululando por nuestras calles y que ha ocasionado una pandemia que afecta a todo el mundo y que est\u00e1 acabando con la vida de cientos de miles de personas, lo que ha provocado que muchos pa\u00edses se paralicen completamente, y con ellos, sus sistemas educativos. Trabajo incompleto, excursiones y viajes que siempre quedar\u00e1n en el recuerdo, como la excursi\u00f3n de fin de curso a Par\u00eds, la cual qued\u00f3 en un sue\u00f1o. Y por el virus, en lugar de ir a conocer Notre Dame, subir a la Torre Eiffel o echarnos un paintball, hemos ido a visitar a nuestros dos nuevos amigos, Classroom y Zoom, gracias a quienes no hemos perdido tanto temario como esperaban algunos.<\/p>\n<p>Pero bueno, dejando de un lado las cosas negativas, vamos a mirar el lado positivo de esto, que algo tendr\u00e1: por lo menos pudimos ir a una excursi\u00f3n todos, la del parque de las ciencias en Granada en septiembre, buen viaje y bastante interesante. Adem\u00e1s, nos hemos librado de muchos trabajos y ex\u00e1menes con los que sin duda llorar\u00edamos amargamente. Por eso, seg\u00fan nuestros profesores, tambi\u00e9n podemos decir aquello de: \u201c\u00a1Anda ni\u00f1o, que se te ha aparecido el coronavirus!\u201d.<\/p>\n<p>Dadas las circunstancias, este a\u00f1o el peri\u00f3dico presenta una nueva secci\u00f3n: la de hemeroteca, en la que recuperamos muchas de las actividades que se hicieron antes de la creaci\u00f3n del peri\u00f3dico, adem\u00e1s de seguir con las actividades por twitter, la nueva manera de comunicarse del instituto. Porque las actividades del centro continuaron de una nueva forma desde casa, a base de retos lanzados desde el Plan de Biblioteca y desde el programa ComunicA, recogidos sobre todo en algunos videos y fotos en la cuenta del instituto.<\/p>\n<p>Por \u00faltimo, tendr\u00edamos que terminar como hace cada promoci\u00f3n dando un nuevo nombre al peri\u00f3dico, algo que nos represente a todos. Creemos que el nuevo nombre del peri\u00f3dico para este curso deber\u00eda ser \u00abLa carpeta de Classroom\u00bb, en honor a las carpetas que todos los profesores nos abr\u00edan en la aplicaci\u00f3n y, en especial, a la que la profesora de Ingl\u00e9s, Nati, nos ense\u00f1aba a ambos grupos, para no matarnos con la gram\u00e1tica y con las que todos nos hemos re\u00eddo tanto.<\/p>\n<p>Cuatro a\u00f1itos, pues, que han sido buen\u00edsimos, con sus m\u00e1s y sus menos, pero han sido muy productivos gracias a nuestros maestros y padres, que lo han dado todo por nosotros, as\u00ed que no hay mejor forma de concluir que con un \u00a1\u00a1Gracias por todo lo aprendido y disfrutado!!<\/p>\n<p class=\"firma-autor\">Javier Pozo, Aixa Jim\u00e9nez, Alfonso Ramiro, Rafi Valverde &#8211; 4\u00baA<\/p>\n","protected":false},"excerpt":{"rendered":"<p>Y otro a\u00f1o m\u00e1s el peri\u00f3dico del centro sigue en pie, a pesar de las dificultades que nos hemos encontrado en nuestro camino\u2026 Qui\u00e9n nos dir\u00eda cuando comenzamos el curso&hellip;<\/p>\n","protected":false},"author":2,"featured_media":0,"parent":0,"menu_order":0,"comment_status":"closed","ping_status":"closed","template":"","meta":{"footnotes":""},"class_list":["post-164","page","type-page","status-publish","hentry","no-post-thumbnail"],"_links":{"self":[{"href":"http:\/\/www.lunadelasierra.org\/periodico\/1920\/wp-json\/wp\/v2\/pages\/164","targetHints":{"allow":["GET"]}}],"collection":[{"href":"http:\/\/www.lunadelasierra.org\/periodico\/1920\/wp-json\/wp\/v2\/pages"}],"about":[{"href":"http:\/\/www.lunadelasierra.org\/periodico\/1920\/wp-json\/wp\/v2\/types\/page"}],"author":[{"embeddable":true,"href":"http:\/\/www.lunadelasierra.org\/periodico\/1920\/wp-json\/wp\/v2\/users\/2"}],"replies":[{"embeddable":true,"href":"http:\/\/www.lunadelasierra.org\/periodico\/1920\/wp-json\/wp\/v2\/comments?post=164"}],"version-history":[{"count":7,"href":"http:\/\/www.lunadelasierra.org\/periodico\/1920\/wp-json\/wp\/v2\/pages\/164\/revisions"}],"predecessor-version":[{"id":185,"href":"http:\/\/www.lunadelasierra.org\/periodico\/1920\/wp-json\/wp\/v2\/pages\/164\/revisions\/185"}],"wp:attachment":[{"href":"http:\/\/www.lunadelasierra.org\/periodico\/1920\/wp-json\/wp\/v2\/media?parent=164"}],"curies":[{"name":"wp","href":"https:\/\/api.w.org\/{rel}","templated":true}]}}