{"id":166,"date":"2019-10-28T11:34:15","date_gmt":"2019-10-28T11:34:15","guid":{"rendered":"http:\/\/www.lunadelasierra.org\/periodico\/1819\/?page_id=166"},"modified":"2019-10-28T11:49:27","modified_gmt":"2019-10-28T11:49:27","slug":"editorial","status":"publish","type":"page","link":"http:\/\/www.lunadelasierra.org\/periodico\/1819\/editorial\/","title":{"rendered":"Editorial"},"content":{"rendered":"\r\n<p>Como el alumnado de 4\u00ba de la\u00a0 ESO del curso pasado, nosotros, alumnos y alumnas\u00a0de la promoci\u00f3n\u00a02015-2019 hemos querido inaugurar con esta editorial, el\u00a0segundo\u00a0n\u00famero del peri\u00f3dico escolar.<\/p>\r\n\r\n\r\n\r\n<p>Al igual que el curso pasado queremos ir mostrando la memoria de nuestro aprendizaje, siguiendo el modelo de los diversos g\u00e9neros period\u00edsticos (editorial, noticia, cr\u00f3nica, reportajes, entrevistas\u2026) y contendr\u00e1 las distintas secciones de todo peri\u00f3dico: Cultura, Ocio y Tiempo Libre, Educaci\u00f3n, Ciencia, Tecnolog\u00eda, Historia, Literatura, etc., con la salvedad de que este a\u00f1o a\u00f1adiremos tres apartados m\u00e1s, para que sea m\u00e1s completo y divertido.<\/p>\r\n\r\n\r\n\r\n<p>El primero de ellos es el de los\u00a0memes\u00a0de todo el curso, que a veces son necesarios, pues hay que darle un toque de humor a la ense\u00f1anza y animarse en los momentos m\u00e1s duros que existen en la vida de todo estudiante. Tambi\u00e9n a\u00f1adiremos el apartado de los\u00a0subg\u00e9neros de opini\u00f3n, en el que se reflejar\u00e1n las diferentes reflexiones y opiniones de nuestras mentes adolescentes sobre temas de la actualidad, sinti\u00e9ndonos as\u00ed verdaderos columnistas y articulistas de un peri\u00f3dico. En tercer lugar, y ya que es el curso en el que se ha puesto en marcha el twitter del centro, incorporamos una secci\u00f3n con algunos de los mejores tuits que hemos podido seleccionar.<\/p>\r\n\r\n\r\n\r\n<p>Hay otra novedad que tiene que ver con la forma de trabajar en el peri\u00f3dico. A partir de este curso tendremos una nueva asignatura muy importante para hoy en d\u00eda: TIC \u201cTecnolog\u00edas de la Informaci\u00f3n y la Comunicaci\u00f3n\u201d. En ella, adem\u00e1s de aprender c\u00f3mo usar un blog, coordinaremos el peri\u00f3dico, poniendo en marcha cada una de las secciones mencionadas anteriormente (pues el a\u00f1o pasado el peri\u00f3dico se trabajaba en los recreos, qued\u00e1ndonos sin nuestro merecido descanso).<\/p>\r\n\r\n\r\n\r\n<p>Para finalizar, hemos decidido cambiar el t\u00edtulo del peri\u00f3dico que pusieron nuestros compa\u00f1eros del curso pasado, por otro que nos identifique como clase, debido a que los coordinadores cada a\u00f1o somos diferentes y reflejamos lo que nos caracteriza como promoci\u00f3n. Este ser\u00eda DOMINUSHY, pues a lo largo del curso nos hemos ido encontrando papelitos en diferentes sitios del instituto, en los que pon\u00eda esa palabra. Eran apasionantes retos de nuestro tutor. No hemos conocido todav\u00eda el significado de esta palabra, pero s\u00ed tenemos claro que queremos que nos represente. Un saludo cordial de las editoras y que ustedes lo disfruten.<\/p>\r\n\r\n<p class=\"firma-autor\">Claudia Cobacho y Angela Lindo. 4\u00ba ESO<\/p>","protected":false},"excerpt":{"rendered":"<p>Como el alumnado de 4\u00ba de la\u00a0 ESO del curso pasado, nosotros, alumnos y alumnas\u00a0de la promoci\u00f3n\u00a02015-2019 hemos querido inaugurar con esta editorial, el\u00a0segundo\u00a0n\u00famero del peri\u00f3dico escolar. Al igual que&hellip;<\/p>\n","protected":false},"author":2,"featured_media":0,"parent":0,"menu_order":0,"comment_status":"closed","ping_status":"closed","template":"","meta":{"footnotes":""},"class_list":["post-166","page","type-page","status-publish","hentry","no-post-thumbnail"],"_links":{"self":[{"href":"http:\/\/www.lunadelasierra.org\/periodico\/1819\/wp-json\/wp\/v2\/pages\/166","targetHints":{"allow":["GET"]}}],"collection":[{"href":"http:\/\/www.lunadelasierra.org\/periodico\/1819\/wp-json\/wp\/v2\/pages"}],"about":[{"href":"http:\/\/www.lunadelasierra.org\/periodico\/1819\/wp-json\/wp\/v2\/types\/page"}],"author":[{"embeddable":true,"href":"http:\/\/www.lunadelasierra.org\/periodico\/1819\/wp-json\/wp\/v2\/users\/2"}],"replies":[{"embeddable":true,"href":"http:\/\/www.lunadelasierra.org\/periodico\/1819\/wp-json\/wp\/v2\/comments?post=166"}],"version-history":[{"count":5,"href":"http:\/\/www.lunadelasierra.org\/periodico\/1819\/wp-json\/wp\/v2\/pages\/166\/revisions"}],"predecessor-version":[{"id":179,"href":"http:\/\/www.lunadelasierra.org\/periodico\/1819\/wp-json\/wp\/v2\/pages\/166\/revisions\/179"}],"wp:attachment":[{"href":"http:\/\/www.lunadelasierra.org\/periodico\/1819\/wp-json\/wp\/v2\/media?parent=166"}],"curies":[{"name":"wp","href":"https:\/\/api.w.org\/{rel}","templated":true}]}}