{"id":222,"date":"2018-06-18T11:39:23","date_gmt":"2018-06-18T11:39:23","guid":{"rendered":"http:\/\/www.lunadelasierra.org\/periodico\/1718\/?page_id=222"},"modified":"2018-06-21T12:45:28","modified_gmt":"2018-06-21T12:45:28","slug":"editorial","status":"publish","type":"page","link":"http:\/\/www.lunadelasierra.org\/periodico\/1718\/editorial\/","title":{"rendered":"Editorial"},"content":{"rendered":"<p><img loading=\"lazy\" decoding=\"async\" class=\"aligncenter size-full wp-image-355\" src=\"http:\/\/www.lunadelasierra.org\/periodico\/1718\/wp-content\/uploads\/sites\/2\/2018\/06\/cuarto.jpg\" alt=\"\" width=\"1000\" height=\"617\" srcset=\"http:\/\/www.lunadelasierra.org\/periodico\/1718\/wp-content\/uploads\/sites\/2\/2018\/06\/cuarto.jpg 1000w, http:\/\/www.lunadelasierra.org\/periodico\/1718\/wp-content\/uploads\/sites\/2\/2018\/06\/cuarto-500x308.jpg 500w, http:\/\/www.lunadelasierra.org\/periodico\/1718\/wp-content\/uploads\/sites\/2\/2018\/06\/cuarto-700x432.jpg 700w, http:\/\/www.lunadelasierra.org\/periodico\/1718\/wp-content\/uploads\/sites\/2\/2018\/06\/cuarto-768x474.jpg 768w, http:\/\/www.lunadelasierra.org\/periodico\/1718\/wp-content\/uploads\/sites\/2\/2018\/06\/cuarto-260x160.jpg 260w\" sizes=\"auto, (max-width: 1000px) 100vw, 1000px\" \/><\/p>\n<p>Se ve cumplida una vieja aspiraci\u00f3n de nuestro centro: la creaci\u00f3n de un peri\u00f3dico digital. Para nosotros, alumnos de 4\u00ba de la ESO y coordinadores del resto de alumnos, resulta muy especial que lo inauguremos en el \u00faltimo a\u00f1o de nuestra promoci\u00f3n, 2014\/2018.<\/p>\n<p>En este peri\u00f3dico se recoger\u00e1 la memoria de nuestro aprendizaje, siguiendo el modelo de los diversos g\u00e9neros period\u00edsticos (noticia, editorial, cr\u00f3nica, reportajes, entrevistas&#8230;) y contendr\u00e1 las distintas secciones de todo peri\u00f3dico: Cultura, Ocio y Tiempo Libre, Educaci\u00f3n, Ciencia, Tecnolog\u00eda, Historia, Literatura, etc. No os perd\u00e1is la secci\u00f3n de entrevistas \u201cEl invitado de lujo&#8230;\u201d, en la que se recrea de una manera original y l\u00fadica la vida de un personaje hist\u00f3rico, ni tampoco la de \u201cNuevas Tecnolog\u00edas\u201d, donde el alumnado aprende a hacer un uso responsable de las TICS y de las redes sociales dentro y fuera del aula. En este proyecto ir\u00e1n de la mano la investigaci\u00f3n y la creatividad del alumnado, aspirando a conseguir un producto original y entretenido a la vez que educativo e informativo.<\/p>\n<p>El t\u00edtulo escogido ha sido <em>\u00abLuna de Azul y Oro\u00bb,<\/em> en el que incluimos varias se\u00f1as de identidad que nos representan: <em>Luna<\/em>, nos identifica como centro; el color azul nos evoca el famoso libro de Rub\u00e9n Dar\u00edo, <em>\u00abAzul&#8230;\u00bb,<\/em> pues el peri\u00f3dico se puso en marcha justo cuando est\u00e1bamos estudiando dicho contenido, y, finalmente, <em>oro<\/em> por el color y valor de nuestro aceite y por la importancia de nuestras clases y todo lo que aprendemos en ellas. Con este t\u00edtulo tambi\u00e9n hacemos un gui\u00f1o a un peri\u00f3dico de una serie de actualidad, <em>\u00abRiverdale<\/em>\u00ab, que nos gusta a todos, por tratar de la vida de los alumnos en un instituto.<\/p>\n<p>Esperemos que disfrut\u00e9is de este peri\u00f3dico y aport\u00e9is ideas para su futuro desarrollo y perfeccionamiento..<\/p>\n<p><img loading=\"lazy\" decoding=\"async\" class=\" wp-image-225 aligncenter\" src=\"http:\/\/www.lunadelasierra.org\/periodico\/1718\/wp-content\/uploads\/sites\/2\/2018\/06\/luna_azul_oro_gradiente.png\" alt=\"\" width=\"285\" height=\"222\" srcset=\"http:\/\/www.lunadelasierra.org\/periodico\/1718\/wp-content\/uploads\/sites\/2\/2018\/06\/luna_azul_oro_gradiente.png 600w, http:\/\/www.lunadelasierra.org\/periodico\/1718\/wp-content\/uploads\/sites\/2\/2018\/06\/luna_azul_oro_gradiente-500x389.png 500w\" sizes=\"auto, (max-width: 285px) 100vw, 285px\" \/><\/p>\n<p class=\"firma-autor\">Alba Jord\u00e1n, Cristina Cuestas, Rosario Porcuna y Bel\u00e9n Morilla &#8211; 4\u00ba ESO<\/p>\n","protected":false},"excerpt":{"rendered":"<p>Se ve cumplida una vieja aspiraci\u00f3n de nuestro centro: la creaci\u00f3n de un peri\u00f3dico digital. Para nosotros, alumnos de 4\u00ba de la ESO y coordinadores del resto de alumnos, resulta&hellip;<\/p>\n","protected":false},"author":1,"featured_media":0,"parent":0,"menu_order":0,"comment_status":"closed","ping_status":"closed","template":"","meta":{"footnotes":""},"class_list":["post-222","page","type-page","status-publish","hentry","no-post-thumbnail"],"_links":{"self":[{"href":"http:\/\/www.lunadelasierra.org\/periodico\/1718\/wp-json\/wp\/v2\/pages\/222","targetHints":{"allow":["GET"]}}],"collection":[{"href":"http:\/\/www.lunadelasierra.org\/periodico\/1718\/wp-json\/wp\/v2\/pages"}],"about":[{"href":"http:\/\/www.lunadelasierra.org\/periodico\/1718\/wp-json\/wp\/v2\/types\/page"}],"author":[{"embeddable":true,"href":"http:\/\/www.lunadelasierra.org\/periodico\/1718\/wp-json\/wp\/v2\/users\/1"}],"replies":[{"embeddable":true,"href":"http:\/\/www.lunadelasierra.org\/periodico\/1718\/wp-json\/wp\/v2\/comments?post=222"}],"version-history":[{"count":7,"href":"http:\/\/www.lunadelasierra.org\/periodico\/1718\/wp-json\/wp\/v2\/pages\/222\/revisions"}],"predecessor-version":[{"id":358,"href":"http:\/\/www.lunadelasierra.org\/periodico\/1718\/wp-json\/wp\/v2\/pages\/222\/revisions\/358"}],"wp:attachment":[{"href":"http:\/\/www.lunadelasierra.org\/periodico\/1718\/wp-json\/wp\/v2\/media?parent=222"}],"curies":[{"name":"wp","href":"https:\/\/api.w.org\/{rel}","templated":true}]}}